{"id":2301,"date":"2025-08-17T17:56:46","date_gmt":"2025-08-18T00:56:46","guid":{"rendered":"https:\/\/creativemood.studio\/terminos-y-condiciones\/"},"modified":"2026-01-26T17:11:01","modified_gmt":"2026-01-27T01:11:01","slug":"terminos-y-condiciones","status":"publish","type":"page","link":"https:\/\/creativemood.studio\/es\/terminos-y-condiciones\/","title":{"rendered":"T\u00e9rminos y condiciones"},"content":{"rendered":"<style>.kb-row-layout-id2301_5532a3-06 > .kt-row-column-wrap{align-content:start;}:where(.kb-row-layout-id2301_5532a3-06 > .kt-row-column-wrap) > .wp-block-kadence-column{justify-content:start;}.kb-row-layout-id2301_5532a3-06 > .kt-row-column-wrap{column-gap:var(--global-kb-gap-md, 2rem);row-gap:var(--global-kb-gap-md, 2rem);max-width:var( --global-content-width, 1290px );padding-left:var(--global-content-edge-padding);padding-right:var(--global-content-edge-padding);padding-top:201px;padding-right:20px;padding-bottom:135px;padding-left:20px;grid-template-columns:minmax(0, 1fr);}.kb-row-layout-id2301_5532a3-06{background-image:linear-gradient(135deg,rgb(2,164,255) 0%,rgb(20,39,109) 100%);}.kb-row-layout-id2301_5532a3-06 > .kt-row-layout-overlay{opacity:0.40;background-color:var(--global-palette3, #1A202C);mix-blend-mode:normal;}@media all and (max-width: 1024px){.kb-row-layout-id2301_5532a3-06 > .kt-row-column-wrap{grid-template-columns:minmax(0, 1fr);}}@media all and (max-width: 767px){.kb-row-layout-id2301_5532a3-06 > .kt-row-column-wrap{padding-top:200px;padding-bottom:var(--global-kb-spacing-xl, 4rem);grid-template-columns:minmax(0, 1fr);}}<\/style><div class=\"kb-row-layout-wrap kb-row-layout-id2301_5532a3-06 alignnone kt-row-has-bg wp-block-kadence-rowlayout\"><div class=\"kt-row-layout-overlay kt-row-overlay-normal\"><\/div><div class=\"kt-row-column-wrap kt-has-1-columns kt-row-layout-equal kt-tab-layout-inherit kt-mobile-layout-row kt-row-valign-top kb-theme-content-width\">\n<style>.kadence-column2301_253f9e-99 > .kt-inside-inner-col,.kadence-column2301_253f9e-99 > .kt-inside-inner-col:before{border-top-left-radius:0px;border-top-right-radius:0px;border-bottom-right-radius:0px;border-bottom-left-radius:0px;}.kadence-column2301_253f9e-99 > .kt-inside-inner-col{column-gap:var(--global-kb-gap-sm, 1rem);}.kadence-column2301_253f9e-99 > .kt-inside-inner-col{flex-direction:column;}.kadence-column2301_253f9e-99 > .kt-inside-inner-col > .aligncenter{width:100%;}.kadence-column2301_253f9e-99 > .kt-inside-inner-col:before{opacity:0.3;}.kadence-column2301_253f9e-99{position:relative;}@media all and (max-width: 1024px){.kadence-column2301_253f9e-99 > .kt-inside-inner-col{flex-direction:column;justify-content:center;}}@media all and (max-width: 767px){.kadence-column2301_253f9e-99 > .kt-inside-inner-col{flex-direction:column;justify-content:center;}}<\/style>\n<div class=\"wp-block-kadence-column kadence-column2301_253f9e-99 inner-column-1\"><div class=\"kt-inside-inner-col\"><style>.wp-block-kadence-advancedheading.kt-adv-heading2301_fb3458-18, .wp-block-kadence-advancedheading.kt-adv-heading2301_fb3458-18[data-kb-block=\"kb-adv-heading2301_fb3458-18\"]{text-align:center;font-size:55px;line-height:1.2em;font-weight:400;font-style:normal;font-family:Roboto;}.wp-block-kadence-advancedheading.kt-adv-heading2301_fb3458-18 mark.kt-highlight, .wp-block-kadence-advancedheading.kt-adv-heading2301_fb3458-18[data-kb-block=\"kb-adv-heading2301_fb3458-18\"] mark.kt-highlight{font-style:normal;color:#f76a0c;-webkit-box-decoration-break:clone;box-decoration-break:clone;padding-top:0px;padding-right:0px;padding-bottom:0px;padding-left:0px;}.wp-block-kadence-advancedheading.kt-adv-heading2301_fb3458-18 img.kb-inline-image, .wp-block-kadence-advancedheading.kt-adv-heading2301_fb3458-18[data-kb-block=\"kb-adv-heading2301_fb3458-18\"] img.kb-inline-image{width:150px;vertical-align:baseline;}@media all and (max-width: 1024px){.wp-block-kadence-advancedheading.kt-adv-heading2301_fb3458-18, .wp-block-kadence-advancedheading.kt-adv-heading2301_fb3458-18[data-kb-block=\"kb-adv-heading2301_fb3458-18\"]{font-size:var(--global-kb-font-size-xl, 3rem);}}@media all and (max-width: 767px){.wp-block-kadence-advancedheading.kt-adv-heading2301_fb3458-18, .wp-block-kadence-advancedheading.kt-adv-heading2301_fb3458-18[data-kb-block=\"kb-adv-heading2301_fb3458-18\"]{font-size:var(--global-kb-font-size-xl, 3rem);}}<\/style>\n<h1 class=\"kt-adv-heading2301_fb3458-18 wp-block-kadence-advancedheading has-theme-palette-9-color has-text-color\" data-kb-block=\"kb-adv-heading2301_fb3458-18\">Nuestro compromiso con la transparencia y la confianza<\/h1>\n\n\n<style>.wp-block-kadence-advancedheading.kt-adv-heading2301_881a02-cb, .wp-block-kadence-advancedheading.kt-adv-heading2301_881a02-cb[data-kb-block=\"kb-adv-heading2301_881a02-cb\"]{text-align:center;font-size:24px;font-style:normal;text-shadow:4px 4px 5px rgba(0, 0, 0, 0.46);}.wp-block-kadence-advancedheading.kt-adv-heading2301_881a02-cb mark.kt-highlight, .wp-block-kadence-advancedheading.kt-adv-heading2301_881a02-cb[data-kb-block=\"kb-adv-heading2301_881a02-cb\"] mark.kt-highlight{font-style:normal;color:#f76a0c;-webkit-box-decoration-break:clone;box-decoration-break:clone;padding-top:0px;padding-right:0px;padding-bottom:0px;padding-left:0px;}.wp-block-kadence-advancedheading.kt-adv-heading2301_881a02-cb img.kb-inline-image, .wp-block-kadence-advancedheading.kt-adv-heading2301_881a02-cb[data-kb-block=\"kb-adv-heading2301_881a02-cb\"] img.kb-inline-image{width:150px;vertical-align:baseline;}@media all and (max-width: 1024px){.wp-block-kadence-advancedheading.kt-adv-heading2301_881a02-cb, .wp-block-kadence-advancedheading.kt-adv-heading2301_881a02-cb[data-kb-block=\"kb-adv-heading2301_881a02-cb\"]{text-shadow:4px 4px 5px rgba(0, 0, 0, 0.46);font-size:16px;}}@media all and (max-width: 767px){.wp-block-kadence-advancedheading.kt-adv-heading2301_881a02-cb, .wp-block-kadence-advancedheading.kt-adv-heading2301_881a02-cb[data-kb-block=\"kb-adv-heading2301_881a02-cb\"]{text-shadow:4px 4px 5px rgba(0, 0, 0, 0.46);}}<\/style>\n<p class=\"kt-adv-heading2301_881a02-cb wp-block-kadence-advancedheading has-theme-palette-9-color has-text-color\" data-kb-block=\"kb-adv-heading2301_881a02-cb\">Estos T\u00e9rminos y condiciones explican c\u00f3mo trabajamos, protegemos sus derechos y establecemos expectativas claras.<\/p>\n<\/div><\/div>\n\n<\/div><\/div>\n\n<style>.kb-row-layout-id2301_0b6bf8-c8 > .kt-row-column-wrap{align-content:start;}:where(.kb-row-layout-id2301_0b6bf8-c8 > .kt-row-column-wrap) > .wp-block-kadence-column{justify-content:start;}.kb-row-layout-id2301_0b6bf8-c8 > .kt-row-column-wrap{column-gap:var(--global-kb-gap-md, 2rem);row-gap:var(--global-kb-gap-lg, 4rem);max-width:var( --global-content-width, 1290px );padding-left:var(--global-content-edge-padding);padding-right:var(--global-content-edge-padding);padding-top:20px;padding-bottom:25px;grid-template-columns:minmax(0, 1fr);}.kb-row-layout-id2301_0b6bf8-c8{background-color:rgba(255,255,255,0);}.kb-row-layout-id2301_0b6bf8-c8 > .kt-row-layout-overlay{opacity:0.30;}@media all and (max-width: 1024px){.kb-row-layout-id2301_0b6bf8-c8 > .kt-row-column-wrap{grid-template-columns:minmax(0, 1fr);}}@media all and (max-width: 767px){.kb-row-layout-id2301_0b6bf8-c8 > .kt-row-column-wrap{grid-template-columns:minmax(0, 1fr);}}<\/style><div class=\"kb-row-layout-wrap kb-row-layout-id2301_0b6bf8-c8 alignnone kt-row-has-bg wp-block-kadence-rowlayout\"><div class=\"kt-row-column-wrap kt-has-1-columns kt-row-layout-equal kt-tab-layout-inherit kt-mobile-layout-row kt-row-valign-top kb-theme-content-width\">\n<style>.kadence-column2301_ab0fbe-e6 > .kt-inside-inner-col,.kadence-column2301_ab0fbe-e6 > .kt-inside-inner-col:before{border-top-left-radius:0px;border-top-right-radius:0px;border-bottom-right-radius:0px;border-bottom-left-radius:0px;}.kadence-column2301_ab0fbe-e6 > .kt-inside-inner-col{column-gap:var(--global-kb-gap-sm, 1rem);}.kadence-column2301_ab0fbe-e6 > .kt-inside-inner-col{flex-direction:column;}.kadence-column2301_ab0fbe-e6 > .kt-inside-inner-col > .aligncenter{width:100%;}.kadence-column2301_ab0fbe-e6 > .kt-inside-inner-col:before{opacity:0.3;}.kadence-column2301_ab0fbe-e6{position:relative;}@media all and (max-width: 1024px){.kadence-column2301_ab0fbe-e6 > .kt-inside-inner-col{flex-direction:column;justify-content:center;}}@media all and (max-width: 767px){.kadence-column2301_ab0fbe-e6 > .kt-inside-inner-col{flex-direction:column;justify-content:center;}}<\/style>\n<div class=\"wp-block-kadence-column kadence-column2301_ab0fbe-e6\"><div class=\"kt-inside-inner-col\"><style>.wp-block-kadence-advancedheading.kt-adv-heading2301_fcda3d-43, .wp-block-kadence-advancedheading.kt-adv-heading2301_fcda3d-43[data-kb-block=\"kb-adv-heading2301_fcda3d-43\"]{font-style:normal;}.wp-block-kadence-advancedheading.kt-adv-heading2301_fcda3d-43 mark.kt-highlight, .wp-block-kadence-advancedheading.kt-adv-heading2301_fcda3d-43[data-kb-block=\"kb-adv-heading2301_fcda3d-43\"] mark.kt-highlight{font-style:normal;color:#f76a0c;-webkit-box-decoration-break:clone;box-decoration-break:clone;padding-top:0px;padding-right:0px;padding-bottom:0px;padding-left:0px;}.wp-block-kadence-advancedheading.kt-adv-heading2301_fcda3d-43 img.kb-inline-image, .wp-block-kadence-advancedheading.kt-adv-heading2301_fcda3d-43[data-kb-block=\"kb-adv-heading2301_fcda3d-43\"] img.kb-inline-image{width:150px;vertical-align:baseline;}<\/style>\n<h2 class=\"kt-adv-heading2301_fcda3d-43 wp-block-kadence-advancedheading\" data-kb-block=\"kb-adv-heading2301_fcda3d-43\">T\u00e9rminos y condiciones<\/h2>\n\n\n\n<p>Acuerdo entre el usuario y <a href=\"https:\/\/creativemood.studio\/es\/\">https:\/\/creativemood.studio<\/a><\/p>\n\n\n\n<p>Bienvenido a <a href=\"https:\/\/creativemood.studio\/es\/\">https:\/\/creativemood.studio<\/a>. El sitio web <a href=\"https:\/\/creativemood.studio\/es\/\">https:\/\/creativemood.studio<\/a> (el &#8220;Sitio&#8221;) es operado por <strong>Creative Mood LLC<\/strong> (&#8220;Creative Mood&#8221;). Al acceder a nuestro Sitio o utilizarlo, acepta estar sujeto a estos <strong>T\u00e9rminos y condiciones<\/strong> (los &#8220;T\u00e9rminos&#8221;). Por favor, l\u00e9alos atentamente.   <\/p>\n\n\n\n<p><a href=\"https:\/\/creativemood.studio\/es\/\">https:\/\/creativemood.studio<\/a> es un sitio de comercio electr\u00f3nico.<\/p>\n\n\n\n<p>Nos especializamos en la creaci\u00f3n de anuncios personalizados para negocios y eventos especiales. Adem\u00e1s, ofrecemos servicios de decoraci\u00f3n con globos, impresi\u00f3n de camisetas, corte l\u00e1ser, corte y mecanizado CNC, impresi\u00f3n 3D y dise\u00f1o web y gr\u00e1fico. <\/p>\n\n\n\n<p><strong>Privacidad<\/strong><\/p>\n\n\n\n<p>Su uso de <a href=\"https:\/\/creativemood.studio\/es\/\">https:\/\/creativemood.studio<\/a> est\u00e1 sujeto a la <strong><a href=\"https:\/\/creativemood.studio\/es\/politica-de-privacidad\/\" title=\"\">Pol\u00edtica de privacidad de Creative Mood<\/a><\/strong>. Revise nuestra <strong><a href=\"https:\/\/creativemood.studio\/es\/politica-de-privacidad\/\" title=\"\">Pol\u00edtica de privacidad<\/a><\/strong>, que tambi\u00e9n rige el Sitio e informa a los usuarios sobre nuestras pr\u00e1cticas de recopilaci\u00f3n de datos.<\/p>\n\n\n\n<p><strong>M\u00e9todos de pago<\/strong><\/p>\n\n\n\n<p>Aceptamos los siguientes m\u00e9todos de pago:<\/p>\n\n\n\n<ul class=\"wp-block-list\">\n<li>Tarjetas de cr\u00e9dito y d\u00e9bito<\/li>\n\n\n\n<li>Transferencias bancarias (ACH)<\/li>\n\n\n\n<li>Venmo<\/li>\n\n\n\n<li>Cash App<\/li>\n\n\n\n<li>Criptomonedas (BTC, ETH, LTC y otras monedas principales admitidas por Coinbase)<\/li>\n<\/ul>\n\n\n\n<p>Todos los pedidos deben pagarse en su totalidad antes de que comience la producci\u00f3n. <strong>Los pagos se consideran confirmados solo despu\u00e9s de que se hayan procesado correctamente<\/strong>.<\/p>\n\n\n\n<p><strong>Para transacciones con criptomonedas:<\/strong><\/p>\n\n\n\n<p>El pago se considera definitivo una vez confirmado en la cadena de bloques y no se puede reembolsar.<\/p>\n\n\n\n<p><strong>Creative Mood no se hace responsable de las fluctuaciones en el valor de la criptomoneda despu\u00e9s de que se haya realizado el pago.<\/strong><\/p>\n\n\n\n<p><strong>Su cuenta<\/strong><\/p>\n\n\n\n<p>Si utiliza este sitio, es responsable de mantener la confidencialidad de su cuenta y contrase\u00f1a y de restringir el acceso a su ordenador, y acepta la responsabilidad de todas las actividades que se realicen con su cuenta o contrase\u00f1a. No puede ceder ni transferir de otro modo su cuenta a ninguna otra persona o entidad. <\/p>\n\n\n\n<p><strong>Ni\u00f1os menores de trece a\u00f1os<\/strong><\/p>\n\n\n\n<p><strong>Creative Mood<\/strong> no recopila conscientemente, ni en l\u00ednea ni fuera de l\u00ednea, informaci\u00f3n personal de personas menores de trece a\u00f1os. Si tiene menos de 18 a\u00f1os, puede utilizar <a href=\"https:\/\/creativemood.studio\/es\/\">https:\/\/creativemood.studio<\/a> solo con el permiso de un padre o tutor. <\/p>\n\n\n\n<p><strong>Pol\u00edtica de cancelaci\u00f3n y reembolso<\/strong><\/p>\n\n\n\n<p><strong>Productos y servicios personalizados:<\/strong> Debido a que nuestro trabajo es personalizado, no se permiten cancelaciones una vez que ha comenzado la producci\u00f3n.<\/p>\n\n\n\n<p><strong>Sin reembolsos:<\/strong> No hay reembolsos disponibles, excepto en el caso de un error que se demuestre que es de nuestra parte (por ejemplo, producto defectuoso, especificaciones incorrectas).<\/p>\n\n\n\n<p><strong>Servicios digitales:<\/strong> Una vez entregados, los servicios de dise\u00f1o digital no son reembolsables.<\/p>\n\n\n\n<p><strong>Enlaces a sitios de terceros<\/strong><\/p>\n\n\n\n<p><strong>https:\/\/creativemood.studio<\/strong> puede contener enlaces a otros sitios web (&#8220;Sitios enlazados&#8221;). Estos no est\u00e1n bajo el control de <strong>Creative Mood<\/strong>, y <strong>Creative Mood<\/strong> no es responsable de los contenidos de ning\u00fan Sitio enlazado.<\/p>\n\n\n\n<p><strong>Uso no permitido o ilegal \/ Propiedad intelectual<\/strong><\/p>\n\n\n\n<p>Se le concede una licencia no exclusiva, no transferible y revocable para acceder y utilizar <a href=\"https:\/\/creativemood.studio\/es\/\">https:\/\/creativemood.studio<\/a> estrictamente de acuerdo con estos T\u00e9rminos.<\/p>\n\n\n\n<p>Todo el contenido del Sitio (texto, gr\u00e1ficos, logotipos, dise\u00f1os, im\u00e1genes, compilaciones y software) es propiedad de <strong>Creative Mood<\/strong> o de sus proveedores y est\u00e1 protegido por las leyes de derechos de autor y propiedad intelectual aplicables.<\/p>\n\n\n\n<p>Usted se compromete a no copiar, distribuir, modificar, realizar ingenier\u00eda inversa o revender ning\u00fan contenido del Sitio sin el permiso escrito de <strong>Creative Mood<\/strong>.<\/p>\n\n\n\n<p><strong>Propiedad intelectual en trabajos personalizados<\/strong><\/p>\n\n\n\n<ul class=\"wp-block-list\">\n<li><strong>Contenido del cliente:<\/strong> Cualquier logotipo, imagen o dise\u00f1o proporcionado por el cliente sigue siendo propiedad del cliente.<\/li>\n\n\n\n<li><strong>Dise\u00f1os de Creative Mood:<\/strong> Cualquier dise\u00f1o, concepto o obra de arte original creado por Creative Mood sigue siendo propiedad intelectual de Creative Mood a menos que se acuerde lo contrario por escrito. A los clientes se les concede una licencia para el uso personal o comercial del producto final entregado, pero no obtienen la propiedad de los archivos de dise\u00f1o subyacentes a menos que se indique expl\u00edcitamente.<\/li>\n<\/ul>\n\n\n\n<p><strong>Uso y env\u00edo internacional<\/strong><\/p>\n\n\n\n<ul class=\"wp-block-list\">\n<li><strong>Entregas en EE. UU.:<\/strong> Los clientes son responsables de todos los gastos de env\u00edo y manipulaci\u00f3n.<\/li>\n\n\n\n<li><strong>Entregas internacionales:<\/strong> Para las entregas fuera de los EE. UU., los clientes son responsables de todos los gastos de env\u00edo, aranceles aduaneros, impuestos y tasas de importaci\u00f3n.<\/li>\n<\/ul>\n\n\n\n<p><strong>Indemnizaci\u00f3n<\/strong><\/p>\n\n\n\n<p>Usted se compromete a indemnizar y eximir de responsabilidad a <strong>Creative Mood<\/strong>, sus funcionarios, empleados y agentes de cualquier reclamaci\u00f3n, da\u00f1o o gasto que surja de su uso del Sitio o de la violaci\u00f3n de estos T\u00e9rminos.<\/p>\n\n\n\n<p><strong>Renuncia a demandas colectivas<\/strong><\/p>\n\n\n\n<p>Todas las disputas deben resolverse de forma individual. No se permiten demandas colectivas, acciones colectivas o procedimientos representativos.<\/p>\n\n\n\n<p><strong>Limitaci\u00f3n de responsabilidad<\/strong><\/p>\n\n\n\n<p><strong>Creative Mood<\/strong> no garantiza que el Sitio o sus servicios est\u00e9n libres de errores, sean ininterrumpidos o est\u00e9n siempre disponibles. En la medida m\u00e1xima permitida por la ley, <strong>Creative Mood<\/strong> no ser\u00e1 responsable de:<\/p>\n\n\n\n<p>Cualquier da\u00f1o indirecto, incidental o consecuente (incluida la p\u00e9rdida de beneficios, datos u oportunidades).<\/p>\n\n\n\n<p>Cualquier problema que surja de retrasos, errores o fallos en los servicios de env\u00edo o mensajer\u00eda de terceros.<\/p>\n\n\n\n<p>Su \u00fanico recurso si no est\u00e1 satisfecho con el Sitio o nuestros servicios es interrumpir su uso.<\/p>\n\n\n\n<p><strong>Rescisi\u00f3n y legislaci\u00f3n aplicable<\/strong><\/p>\n\n\n\n<p><strong>Creative Mood<\/strong> puede rescindir su acceso al Sitio en cualquier momento sin previo aviso. <strong>Estos T\u00e9rminos se rigen por las leyes del Estado de Wyoming, EE. UU.<\/strong>, y usted acepta la jurisdicci\u00f3n exclusiva de los tribunales ubicados en Wyoming para cualquier disputa.<\/p>\n\n\n\n<p><strong>Cambios en los t\u00e9rminos<\/strong><\/p>\n\n\n\n<p><strong>Creative Mood<\/strong> se reserva el derecho de actualizar estos T\u00e9rminos en cualquier momento. Las actualizaciones entrar\u00e1n en vigor una vez publicadas en esta p\u00e1gina.<\/p>\n\n\n\n<p><strong>Cont\u00e1ctanos<\/strong><\/p>\n\n\n\n<p><strong>Creative Mood LLC<\/strong><br>1309 Coffeen Avenue STE 17827<br>Sheridan, Wyoming 82801<br><strong>Tel\u00e9fono:<\/strong> (307) 218 2655<br><strong>Correo electr\u00f3nico:<\/strong> contact@creativemood.studio<\/p>\n\n\n\n<p><em><strong>Vigente a partir del 17 de agosto de 2025<\/strong><\/em><\/p>\n<\/div><\/div>\n\n<\/div><\/div>\n\n\n<p><\/p>\n","protected":false},"excerpt":{"rendered":"<p>Nuestro compromiso con la transparencia y la confianza Estos T\u00e9rminos y condiciones explican c\u00f3mo trabajamos, protegemos sus derechos y establecemos expectativas claras. T\u00e9rminos y condiciones Acuerdo entre el usuario y https:\/\/creativemood.studio Bienvenido a https:\/\/creativemood.studio. El sitio web https:\/\/creativemood.studio (el &#8220;Sitio&#8221;) es operado por Creative Mood LLC (&#8220;Creative Mood&#8221;). Al acceder a nuestro Sitio o utilizarlo,&#8230;<\/p>\n","protected":false},"author":1,"featured_media":0,"parent":0,"menu_order":0,"comment_status":"closed","ping_status":"closed","template":"","meta":{"_kad_blocks_custom_css":"","_kad_blocks_head_custom_js":"","_kad_blocks_body_custom_js":"","_kad_blocks_footer_custom_js":"","_kadence_starter_templates_imported_post":false,"_kad_post_transparent":"","_kad_post_title":"hide","_kad_post_layout":"fullwidth","_kad_post_sidebar_id":"","_kad_post_content_style":"unboxed","_kad_post_vertical_padding":"hide","_kad_post_feature":"hide","_kad_post_feature_position":"","_kad_post_header":false,"_kad_post_footer":false,"_kad_post_classname":"","_glsr_average":0,"_glsr_ranking":0,"_glsr_reviews":0,"footnotes":""},"class_list":["post-2301","page","type-page","status-publish","hentry"],"aioseo_notices":[],"taxonomy_info":[],"featured_image_src_large":false,"author_info":{"display_name":"Creative Mood","author_link":"https:\/\/creativemood.studio\/es\/author\/creative-mood\/"},"comment_info":0,"_links":{"self":[{"href":"https:\/\/creativemood.studio\/es\/wp-json\/wp\/v2\/pages\/2301","targetHints":{"allow":["GET"]}}],"collection":[{"href":"https:\/\/creativemood.studio\/es\/wp-json\/wp\/v2\/pages"}],"about":[{"href":"https:\/\/creativemood.studio\/es\/wp-json\/wp\/v2\/types\/page"}],"author":[{"embeddable":true,"href":"https:\/\/creativemood.studio\/es\/wp-json\/wp\/v2\/users\/1"}],"replies":[{"embeddable":true,"href":"https:\/\/creativemood.studio\/es\/wp-json\/wp\/v2\/comments?post=2301"}],"version-history":[{"count":3,"href":"https:\/\/creativemood.studio\/es\/wp-json\/wp\/v2\/pages\/2301\/revisions"}],"predecessor-version":[{"id":2307,"href":"https:\/\/creativemood.studio\/es\/wp-json\/wp\/v2\/pages\/2301\/revisions\/2307"}],"wp:attachment":[{"href":"https:\/\/creativemood.studio\/es\/wp-json\/wp\/v2\/media?parent=2301"}],"curies":[{"name":"wp","href":"https:\/\/api.w.org\/{rel}","templated":true}]}}