{"id":3463,"date":"2026-03-29T21:30:54","date_gmt":"2026-03-30T04:30:54","guid":{"rendered":"https:\/\/creativemood.studio\/product\/neon-led-personalizado-disenado-a-tu-medida-texto-o-logotipo\/"},"modified":"2026-04-06T14:36:56","modified_gmt":"2026-04-06T21:36:56","slug":"neon-led-personalizado-disenado-a-tu-medida-texto-o-logotipo","status":"publish","type":"product","link":"https:\/\/creativemood.studio\/es\/producto\/neon-led-personalizado-disenado-a-tu-medida-texto-o-logotipo\/","title":{"rendered":"Ne\u00f3n LED Personalizado \u2013 Dise\u00f1ado a tu Medida (Texto o Logotipo)"},"content":{"rendered":"<h3 data-section-id=\"f2kxji\" data-start=\"609\" data-end=\"654\">Neones LED Personalizados Dise\u00f1ados para Impulsar tu Marca<\/h3>\n<p data-start=\"656\" data-end=\"827\">Crea un ne\u00f3n LED completamente personalizado para tu marca, evento o espacio. Comparte tu texto o logo y lo convertimos en una pieza visual impactante, fabricada con precisi\u00f3n y materiales de nivel premium. <\/p>\n<h3 data-section-id=\"yt199k\" data-start=\"829\" data-end=\"858\">\u2714 Personaliza tu ne\u00f3n LED:<\/h3>\n<ul data-start=\"859\" data-end=\"950\">\n<li data-section-id=\"1tiuwvl\" data-start=\"859\" data-end=\"882\">Texto o Logo<\/li>\n<li data-section-id=\"uk3xop\" data-start=\"883\" data-end=\"907\">Tama\u00f1o y proporciones<\/li>\n<li data-section-id=\"z952y1\" data-start=\"908\" data-end=\"927\">Color y estilo<\/li>\n<li data-section-id=\"cup2yx\" data-start=\"928\" data-end=\"950\">Montaje e instalaci\u00f3n<\/li>\n<\/ul>\n<h3 data-section-id=\"o7i880\" data-start=\"952\" data-end=\"970\">\u2714 Perfecto para:<\/h3>\n<ul data-start=\"971\" data-end=\"1057\">\n<li data-section-id=\"o9jy3i\" data-start=\"971\" data-end=\"991\">Rotulaci\u00f3n para negocios<\/li>\n<li data-section-id=\"10irsil\" data-start=\"992\" data-end=\"1015\">Eventos y bodas<\/li>\n<li data-section-id=\"1280ayc\" data-start=\"1016\" data-end=\"1030\">Decoraci\u00f3n del hogar<\/li>\n<li data-section-id=\"3pna9o\" data-start=\"1031\" data-end=\"1057\">Branding y marketing<\/li>\n<\/ul>\n<h3 data-section-id=\"1suz916\" data-start=\"1059\" data-end=\"1075\">\u26a0 Importante:<\/h3>\n<p data-start=\"1076\" data-end=\"1145\"><strong data-start=\"1076\" data-end=\"1145\">Este es un producto personalizado. El tiempo de producci\u00f3n es de 10\u201314 d\u00edas laborables. <\/strong><\/p>\n<p data-start=\"1147\" data-end=\"1181\">\ud83d\udc49 Solicita tu cotizaci\u00f3n y empieza hoy<\/p>\n","protected":false},"excerpt":{"rendered":"<p>Crea tu ne\u00f3n LED personalizado en minutos. Ingresa tu texto o sube tu logo y obt\u00e9n una cotizaci\u00f3n hecha para ti. <\/p>\n","protected":false},"featured_media":3043,"comment_status":"closed","ping_status":"closed","template":"","meta":{"_kad_blocks_custom_css":"","_kad_blocks_head_custom_js":"","_kad_blocks_body_custom_js":"","_kad_blocks_footer_custom_js":"","_kadence_starter_templates_imported_post":false,"_kad_post_transparent":"default","_kad_post_title":"","_kad_post_layout":"default","_kad_post_sidebar_id":"","_kad_post_content_style":"default","_kad_post_vertical_padding":"default","_kad_post_feature":"","_kad_post_feature_position":"","_kad_post_header":false,"_kad_post_footer":false,"_kad_post_classname":"","_glsr_average":0,"_glsr_ranking":0,"_glsr_reviews":0},"product_brand":[],"product_cat":[366,369,368,367,370],"product_tag":[379,378,373,374,376,372,380,371,375,377],"class_list":{"0":"post-3463","1":"product","2":"type-product","3":"status-publish","4":"has-post-thumbnail","6":"product_cat-letreros-de-neon-led","7":"product_cat-neones-led-para-eventos","8":"product_cat-neones-led-para-negocios","9":"product_cat-neones-led-personalizados","10":"product_cat-presupuestos","11":"product_tag-diseno-de-neon-led","12":"product_tag-iluminacion-neon-led-personalizada","13":"product_tag-letrero-led-personalizado","14":"product_tag-logo-en-neon-led","15":"product_tag-neon-led-a-medida","16":"product_tag-neon-led-exclusivo","17":"product_tag-neon-led-personalizado-2","18":"product_tag-neon-led-personalizado","19":"product_tag-neon-led-texto-personalizado","20":"product_tag-senalizacion-neon-led","22":"first","23":"instock","24":"taxable","25":"shipping-taxable","26":"purchasable","27":"product-type-simple","28":"entry","29":"content-bg","30":"loop-entry"},"aioseo_notices":[],"taxonomy_info":{"product_cat":[{"value":366,"label":"Letreros de Ne\u00f3n LED"},{"value":369,"label":"Neones LED para Eventos"},{"value":368,"label":"Neones LED para Negocios"},{"value":367,"label":"Neones LED Personalizados"},{"value":370,"label":"Presupuestos"}],"product_tag":[{"value":379,"label":"dise\u00f1o de ne\u00f3n LED"},{"value":378,"label":"iluminaci\u00f3n ne\u00f3n LED personalizada"},{"value":373,"label":"letrero LED personalizado"},{"value":374,"label":"logo en ne\u00f3n LED"},{"value":376,"label":"ne\u00f3n LED a medida"},{"value":372,"label":"ne\u00f3n LED exclusivo"},{"value":380,"label":"ne\u00f3n LED personalizado"},{"value":371,"label":"ne\u00f3n LED personalizado"},{"value":375,"label":"ne\u00f3n LED texto personalizado"},{"value":377,"label":"se\u00f1alizaci\u00f3n ne\u00f3n LED"}]},"featured_image_src_large":["https:\/\/creativemood.studio\/wp-content\/uploads\/2026\/03\/led-neon-sign-0203-1024x768.avif",1024,768,true],"author_info":[],"comment_info":0,"_links":{"self":[{"href":"https:\/\/creativemood.studio\/es\/wp-json\/wp\/v2\/product\/3463","targetHints":{"allow":["GET"]}}],"collection":[{"href":"https:\/\/creativemood.studio\/es\/wp-json\/wp\/v2\/product"}],"about":[{"href":"https:\/\/creativemood.studio\/es\/wp-json\/wp\/v2\/types\/product"}],"replies":[{"embeddable":true,"href":"https:\/\/creativemood.studio\/es\/wp-json\/wp\/v2\/comments?post=3463"}],"wp:featuredmedia":[{"embeddable":true,"href":"https:\/\/creativemood.studio\/es\/wp-json\/wp\/v2\/media\/3043"}],"wp:attachment":[{"href":"https:\/\/creativemood.studio\/es\/wp-json\/wp\/v2\/media?parent=3463"}],"wp:term":[{"taxonomy":"product_brand","embeddable":true,"href":"https:\/\/creativemood.studio\/es\/wp-json\/wp\/v2\/product_brand?post=3463"},{"taxonomy":"product_cat","embeddable":true,"href":"https:\/\/creativemood.studio\/es\/wp-json\/wp\/v2\/product_cat?post=3463"},{"taxonomy":"product_tag","embeddable":true,"href":"https:\/\/creativemood.studio\/es\/wp-json\/wp\/v2\/product_tag?post=3463"}],"curies":[{"name":"wp","href":"https:\/\/api.w.org\/{rel}","templated":true}]}}